{"id":1669,"date":"2025-07-13T13:37:10","date_gmt":"2025-07-13T13:37:10","guid":{"rendered":"https:\/\/fabpcb.com\/?post_type=product&#038;p=1669"},"modified":"2025-07-14T11:41:36","modified_gmt":"2025-07-14T11:41:36","slug":"electric-vehicle-signal-receiver-board","status":"publish","type":"product","link":"https:\/\/fabpcb.com\/es\/producto\/electric-vehicle-signal-receiver-board\/","title":{"rendered":"Tarjeta receptora de se\u00f1ales para veh\u00edculos el\u00e9ctricos"},"content":{"rendered":"","protected":false},"excerpt":{"rendered":"<p>Basic parameters<br \/>\nProduct name: 8 layers<br \/>\nBoard material: TU872<br \/>\nThickness: 1.2mm<br \/>\nMinimum aperture: 0.15mm<br \/>\nMinimum line width line distance: 0.076mm\/0.076mm<br \/>\nMinimum BGA: 0.2mm<br \/>\nSurface treatment: immersion gold 2u&#8221;<br \/>\nImpedance: Group 10<\/p>","protected":false},"featured_media":1866,"comment_status":"open","ping_status":"closed","template":"","meta":{"_acf_changed":false,"_seopress_robots_primary_cat":"","_seopress_titles_title":"","_seopress_titles_desc":"","_seopress_robots_index":"","_uag_custom_page_level_css":"","site-sidebar-layout":"default","site-content-layout":"","ast-site-content-layout":"default","site-content-style":"default","site-sidebar-style":"default","ast-global-header-display":"","ast-banner-title-visibility":"","ast-main-header-display":"","ast-hfb-above-header-display":"","ast-hfb-below-header-display":"","ast-hfb-mobile-header-display":"","site-post-title":"","ast-breadcrumbs-content":"","ast-featured-img":"","footer-sml-layout":"","theme-transparent-header-meta":"default","adv-header-id-meta":"","stick-header-meta":"default","header-above-stick-meta":"","header-main-stick-meta":"","header-below-stick-meta":"","astra-migrate-meta-layouts":"set","ast-page-background-enabled":"default","ast-page-background-meta":{"desktop":{"background-color":"var(--ast-global-color-4)","background-image":"","background-repeat":"repeat","background-position":"center center","background-size":"auto","background-attachment":"scroll","background-type":"","background-media":"","overlay-type":"","overlay-color":"","overlay-gradient":""},"tablet":{"background-color":"","background-image":"","background-repeat":"repeat","background-position":"center center","background-size":"auto","background-attachment":"scroll","background-type":"","background-media":"","overlay-type":"","overlay-color":"","overlay-gradient":""},"mobile":{"background-color":"","background-image":"","background-repeat":"repeat","background-position":"center center","background-size":"auto","background-attachment":"scroll","background-type":"","background-media":"","overlay-type":"","overlay-color":"","overlay-gradient":""}},"ast-content-background-meta":{"desktop":{"background-color":"var(--ast-global-color-5)","background-image":"","background-repeat":"repeat","background-position":"center center","background-size":"auto","background-attachment":"scroll","background-type":"","background-media":"","overlay-type":"","overlay-color":"","overlay-gradient":""},"tablet":{"background-color":"var(--ast-global-color-5)","background-image":"","background-repeat":"repeat","background-position":"center center","background-size":"auto","background-attachment":"scroll","background-type":"","background-media":"","overlay-type":"","overlay-color":"","overlay-gradient":""},"mobile":{"background-color":"var(--ast-global-color-5)","background-image":"","background-repeat":"repeat","background-position":"center center","background-size":"auto","background-attachment":"scroll","background-type":"","background-media":"","overlay-type":"","overlay-color":"","overlay-gradient":""}}},"product_brand":[],"product_cat":[88],"product_tag":[],"class_list":{"0":"post-1669","1":"product","2":"type-product","3":"status-publish","4":"has-post-thumbnail","6":"product_cat-e","7":"desktop-align-center","8":"tablet-align-center","9":"mobile-align-center","10":"ast-product-gallery-layout-horizontal-slider","11":"ast-product-gallery-with-no-image","13":"first","14":"instock","15":"shipping-taxable","16":"product-type-simple"},"acf":[],"uagb_featured_image_src":{"full":["https:\/\/fabpcb.com\/wp-content\/uploads\/2025\/07\/2-2.png",364,300,false],"thumbnail":["https:\/\/fabpcb.com\/wp-content\/uploads\/2025\/07\/2-2-150x150.png",150,150,true],"medium":["https:\/\/fabpcb.com\/wp-content\/uploads\/2025\/07\/2-2-300x247.png",300,247,true],"medium_large":["https:\/\/fabpcb.com\/wp-content\/uploads\/2025\/07\/2-2.png",364,300,false],"large":["https:\/\/fabpcb.com\/wp-content\/uploads\/2025\/07\/2-2.png",364,300,false],"ai_custom_thumbnail":["https:\/\/fabpcb.com\/wp-content\/uploads\/2025\/07\/2-2.png",273,225,false],"1536x1536":["https:\/\/fabpcb.com\/wp-content\/uploads\/2025\/07\/2-2.png",364,300,false],"2048x2048":["https:\/\/fabpcb.com\/wp-content\/uploads\/2025\/07\/2-2.png",364,300,false],"trp-custom-language-flag":["https:\/\/fabpcb.com\/wp-content\/uploads\/2025\/07\/2-2.png",15,12,false],"custom_product_image":["https:\/\/fabpcb.com\/wp-content\/uploads\/2025\/07\/2-2.png",300,247,false],"woocommerce_thumbnail":["https:\/\/fabpcb.com\/wp-content\/uploads\/2025\/07\/2-2.png",364,300,false],"woocommerce_single":["https:\/\/fabpcb.com\/wp-content\/uploads\/2025\/07\/2-2.png",364,300,false],"woocommerce_gallery_thumbnail":["https:\/\/fabpcb.com\/wp-content\/uploads\/2025\/07\/2-2-100x100.png",100,100,true]},"uagb_author_info":{"display_name":"admin","author_link":"https:\/\/fabpcb.com\/es\/author\/"},"uagb_comment_info":0,"uagb_excerpt":"Basic parameters Product name: 8 layers Board material: TU872 Thickness: 1.2mm Minimum aperture: 0.15mm Minimum line width line distance: 0.076mm\/0.076mm Minimum BGA: 0.2mm Surface treatment: immersion gold 2u'' Impedance: Group 10","_links":{"self":[{"href":"https:\/\/fabpcb.com\/es\/wp-json\/wp\/v2\/product\/1669","targetHints":{"allow":["GET"]}}],"collection":[{"href":"https:\/\/fabpcb.com\/es\/wp-json\/wp\/v2\/product"}],"about":[{"href":"https:\/\/fabpcb.com\/es\/wp-json\/wp\/v2\/types\/product"}],"replies":[{"embeddable":true,"href":"https:\/\/fabpcb.com\/es\/wp-json\/wp\/v2\/comments?post=1669"}],"version-history":[{"count":2,"href":"https:\/\/fabpcb.com\/es\/wp-json\/wp\/v2\/product\/1669\/revisions"}],"predecessor-version":[{"id":1684,"href":"https:\/\/fabpcb.com\/es\/wp-json\/wp\/v2\/product\/1669\/revisions\/1684"}],"wp:featuredmedia":[{"embeddable":true,"href":"https:\/\/fabpcb.com\/es\/wp-json\/wp\/v2\/media\/1866"}],"wp:attachment":[{"href":"https:\/\/fabpcb.com\/es\/wp-json\/wp\/v2\/media?parent=1669"}],"wp:term":[{"taxonomy":"product_brand","embeddable":true,"href":"https:\/\/fabpcb.com\/es\/wp-json\/wp\/v2\/product_brand?post=1669"},{"taxonomy":"product_cat","embeddable":true,"href":"https:\/\/fabpcb.com\/es\/wp-json\/wp\/v2\/product_cat?post=1669"},{"taxonomy":"product_tag","embeddable":true,"href":"https:\/\/fabpcb.com\/es\/wp-json\/wp\/v2\/product_tag?post=1669"}],"curies":[{"name":"wp","href":"https:\/\/api.w.org\/{rel}","templated":true}]}}