{"id":15,"date":"2025-06-27T13:34:55","date_gmt":"2025-06-27T13:34:55","guid":{"rendered":"https:\/\/fabpcb.com\/about-us\/"},"modified":"2025-07-16T07:00:49","modified_gmt":"2025-07-16T07:00:49","slug":"about-us","status":"publish","type":"page","link":"https:\/\/fabpcb.com\/es\/about-us\/","title":{"rendered":"Qui\u00e9nes somos"},"content":{"rendered":"<div data-elementor-type=\"wp-page\" data-elementor-id=\"15\" class=\"elementor elementor-15\" data-elementor-post-type=\"page\">\n\t\t\t\t<div class=\"elementor-element elementor-element-576916f e-flex e-con-boxed e-con e-parent\" data-id=\"576916f\" data-element_type=\"container\" data-settings=\"{&quot;background_background&quot;:&quot;classic&quot;}\">\n\t\t\t\t\t<div class=\"e-con-inner\">\n\t\t<div class=\"elementor-element elementor-element-9dbd73e e-con-full e-flex e-con e-child\" data-id=\"9dbd73e\" data-element_type=\"container\">\n\t\t\t\t<div class=\"elementor-element elementor-element-b4ad8cf elementor-widget elementor-widget-heading\" data-id=\"b4ad8cf\" data-element_type=\"widget\" data-widget_type=\"heading.default\">\n\t\t\t\t<div class=\"elementor-widget-container\">\n\t\t\t\t\t<h1 class=\"elementor-heading-title elementor-size-default\">Qui\u00e9nes somos<\/h1>\t\t\t\t<\/div>\n\t\t\t\t<\/div>\n\t\t\t\t<\/div>\n\t\t\t\t\t<\/div>\n\t\t\t\t<\/div>\n\t\t<div class=\"elementor-element elementor-element-d148217 e-flex e-con-boxed e-con e-parent\" data-id=\"d148217\" data-element_type=\"container\">\n\t\t\t\t\t<div class=\"e-con-inner\">\n\t\t<div class=\"elementor-element elementor-element-c1b6e33 e-con-full e-flex e-con e-child\" data-id=\"c1b6e33\" data-element_type=\"container\">\n\t\t\t\t<div class=\"elementor-element elementor-element-0671068 elementor-widget elementor-widget-heading\" data-id=\"0671068\" data-element_type=\"widget\" data-widget_type=\"heading.default\">\n\t\t\t\t<div class=\"elementor-widget-container\">\n\t\t\t\t\t<h2 class=\"elementor-heading-title elementor-size-default\">About  THE WUYANG<\/h2>\t\t\t\t<\/div>\n\t\t\t\t<\/div>\n\t\t\t\t<\/div>\n\t\t\t\t\t<\/div>\n\t\t\t\t<\/div>\n\t\t<div class=\"elementor-element elementor-element-2047845 e-flex e-con-boxed e-con e-parent\" data-id=\"2047845\" data-element_type=\"container\">\n\t\t\t\t\t<div class=\"e-con-inner\">\n\t\t<div class=\"elementor-element elementor-element-9bab916 e-grid e-con-full e-con e-child\" data-id=\"9bab916\" data-element_type=\"container\">\n\t\t\t\t<div class=\"elementor-element elementor-element-cc2284e elementor-widget elementor-widget-image\" data-id=\"cc2284e\" data-element_type=\"widget\" data-widget_type=\"image.default\">\n\t\t\t\t<div class=\"elementor-widget-container\">\n\t\t\t\t\t\t\t\t\t\t\t\t\t\t\t<img alt=\"\" decoding=\"async\" width=\"103\" height=\"95\" src=\"https:\/\/fabpcb.com\/wp-content\/uploads\/2025\/07\/2-4.png\" class=\"attachment-large size-large wp-image-1967\" \/>\t\t\t\t\t\t\t\t\t\t\t\t\t\t\t<\/div>\n\t\t\t\t<\/div>\n\t\t\t\t<div class=\"elementor-element elementor-element-995b419 elementor-widget elementor-widget-heading\" data-id=\"995b419\" data-element_type=\"widget\" data-widget_type=\"heading.default\">\n\t\t\t\t<div class=\"elementor-widget-container\">\n\t\t\t\t\t<h2 class=\"elementor-heading-title elementor-size-default\">26000M<\/h2>\t\t\t\t<\/div>\n\t\t\t\t<\/div>\n\t\t\t\t<div class=\"elementor-element elementor-element-5f020e1 elementor-widget elementor-widget-image\" data-id=\"5f020e1\" data-element_type=\"widget\" data-widget_type=\"image.default\">\n\t\t\t\t<div class=\"elementor-widget-container\">\n\t\t\t\t\t\t\t\t\t\t\t\t\t\t\t<img alt=\"\" decoding=\"async\" width=\"90\" height=\"87\" src=\"https:\/\/fabpcb.com\/wp-content\/uploads\/2025\/07\/3-4.png\" class=\"attachment-large size-large wp-image-1968\" \/>\t\t\t\t\t\t\t\t\t\t\t\t\t\t\t<\/div>\n\t\t\t\t<\/div>\n\t\t\t\t<div class=\"elementor-element elementor-element-36095fe elementor-widget elementor-widget-heading\" data-id=\"36095fe\" data-element_type=\"widget\" data-widget_type=\"heading.default\">\n\t\t\t\t<div class=\"elementor-widget-container\">\n\t\t\t\t\t<h5 class=\"elementor-heading-title elementor-size-default\">25 millones de puntos al d\u00eda\nCapacidad de producci\u00f3n<\/h5>\t\t\t\t<\/div>\n\t\t\t\t<\/div>\n\t\t\t\t<div class=\"elementor-element elementor-element-f2ae433 elementor-widget elementor-widget-image\" data-id=\"f2ae433\" data-element_type=\"widget\" data-widget_type=\"image.default\">\n\t\t\t\t<div class=\"elementor-widget-container\">\n\t\t\t\t\t\t\t\t\t\t\t\t\t\t\t<img alt=\"\" decoding=\"async\" width=\"93\" height=\"85\" src=\"https:\/\/fabpcb.com\/wp-content\/uploads\/2025\/07\/4-4.png\" class=\"attachment-large size-large wp-image-1969\" \/>\t\t\t\t\t\t\t\t\t\t\t\t\t\t\t<\/div>\n\t\t\t\t<\/div>\n\t\t\t\t<div class=\"elementor-element elementor-element-38a44df elementor-widget elementor-widget-heading\" data-id=\"38a44df\" data-element_type=\"widget\" data-widget_type=\"heading.default\">\n\t\t\t\t<div class=\"elementor-widget-container\">\n\t\t\t\t\t<h5 class=\"elementor-heading-title elementor-size-default\">M\u00e1s de 500 miembros del equipo t\u00e9cnico<\/h5>\t\t\t\t<\/div>\n\t\t\t\t<\/div>\n\t\t\t\t<\/div>\n\t\t\t\t\t<\/div>\n\t\t\t\t<\/div>\n\t\t<div class=\"elementor-element elementor-element-109f3ba e-flex e-con-boxed e-con e-parent\" data-id=\"109f3ba\" data-element_type=\"container\">\n\t\t\t\t\t<div class=\"e-con-inner\">\n\t\t\t\t<div class=\"elementor-element elementor-element-ad4eba8 elementor-widget elementor-widget-text-editor\" data-id=\"ad4eba8\" data-element_type=\"widget\" data-widget_type=\"text-editor.default\">\n\t\t\t\t<div class=\"elementor-widget-container\">\n\t\t\t\t\t\t\t\t\t<p>\u00a0 \u00a0 \u00a0Shenzhen Wuyang Circuit Technology Co., Ltd. es una producci\u00f3n, venta de placas de circuito impreso PCB (duro, blando y duro-blando combinaci\u00f3n de placas) y PCBA montaje electr\u00f3nico. Adquisici\u00f3n de componentes, SMT, DIP, montaje de productos terminados y pruebas como uno de los proveedores de soluciones integradas de fabricaci\u00f3n electr\u00f3nica. Dedicado a proporcionar a los clientes servicios integrales de fabricaci\u00f3n electr\u00f3nica de empresas de alta tecnolog\u00eda. Establecer I + D, la innovaci\u00f3n, la fabricaci\u00f3n para ofrecer a los clientes la mejor y m\u00e1s r\u00e1pida PCB, PCBA servicios.<\/p>\t\t\t\t\t\t\t\t<\/div>\n\t\t\t\t<\/div>\n\t\t\t\t<div class=\"elementor-element elementor-element-4626d1f elementor-widget elementor-widget-text-editor\" data-id=\"4626d1f\" data-element_type=\"widget\" data-widget_type=\"text-editor.default\">\n\t\t\t\t<div class=\"elementor-widget-container\">\n\t\t\t\t\t\t\t\t\t<p>\u00a0 \u00a0 \u00a0El taller de producci\u00f3n de la empresa cubre un \u00e1rea de m\u00e1s de 26.000 metros cuadrados, PCB capacidad de suministro diario de m\u00e1s de 1.000 variedades, suministro mensual de m\u00e1s de 6.000 tipos de variedades, cubre un \u00e1rea de 100.000 metros cuadrados, el tipo de productos incluyen PCB multicapa de alta precisi\u00f3n, PCB de alta frecuencia, microondas PCB, PCB r\u00edgido-flexible, sustrato IC, placas HDIPCB, as\u00ed como placas ordinarias, placas de valor medio y alto TG, placas de cobre grueso, placas de alta frecuencia, placas ultrafinas, placas ultragruesas, placas libres de hal\u00f3genos y as\u00ed sucesivamente. Implicando medio agujero, impedancia, dedo de oro, gong ciego, agujeros avellanados y otros procesos especiales; el tratamiento de la superficie se puede hacer esta\u00f1o pulverizado ordinario, esta\u00f1o pulverizado sin plomo, oro de inmersi\u00f3n, oro electro-n\u00edquel, oro electro-duro, OSP, plata de inmersi\u00f3n, esta\u00f1o de inmersi\u00f3n o proceso compuesto. Disponemos de varias l\u00edneas de producci\u00f3n SMT y l\u00edneas de montaje de alta velocidad y precisi\u00f3n.<\/p>\t\t\t\t\t\t\t\t<\/div>\n\t\t\t\t<\/div>\n\t\t\t\t\t<\/div>\n\t\t\t\t<\/div>\n\t\t<div class=\"elementor-element elementor-element-f0da5b3 e-flex e-con-boxed e-con e-parent\" data-id=\"f0da5b3\" data-element_type=\"container\">\n\t\t\t\t\t<div class=\"e-con-inner\">\n\t\t\t\t<div class=\"elementor-element elementor-element-875464b elementor-widget elementor-widget-text-editor\" data-id=\"875464b\" data-element_type=\"widget\" data-widget_type=\"text-editor.default\">\n\t\t\t\t<div class=\"elementor-widget-container\">\n\t\t\t\t\t\t\t\t\t<p>\u00a0 \u00a0 \u00a0Nuestros productos cubren una amplia gama de campos como el militar, la comunicaci\u00f3n, la industria, el m\u00e9dico, el aeroespacial, la seguridad, el IoT, la automoci\u00f3n, la inteligencia artificial, el hogar inteligente, la energ\u00eda y la comunicaci\u00f3n. Tambi\u00e9n hemos superado las certificaciones UL, IATF16949, ISO13485, sistema de gesti\u00f3n de calidad ISO9001 y sistema de gesti\u00f3n medioambiental ISO14001 de organizaciones de certificaci\u00f3n autorizadas.<\/p>\t\t\t\t\t\t\t\t<\/div>\n\t\t\t\t<\/div>\n\t\t\t\t<div class=\"elementor-element elementor-element-8c1bfff elementor-widget elementor-widget-text-editor\" data-id=\"8c1bfff\" data-element_type=\"widget\" data-widget_type=\"text-editor.default\">\n\t\t\t\t<div class=\"elementor-widget-container\">\n\t\t\t\t\t\t\t\t\t<p>\u00a0 \u00a0 \u00a0Wu-Yang Precision Circuits es su socio para apoyar su dise\u00f1o electr\u00f3nico para ganar el mercado con mejor, m\u00e1s r\u00e1pido y menor costo.<\/p>\t\t\t\t\t\t\t\t<\/div>\n\t\t\t\t<\/div>\n\t\t\t\t<div class=\"elementor-element elementor-element-ee9b35c elementor-widget elementor-widget-image\" data-id=\"ee9b35c\" data-element_type=\"widget\" data-widget_type=\"image.default\">\n\t\t\t\t<div class=\"elementor-widget-container\">\n\t\t\t\t\t\t\t\t\t\t\t\t\t\t\t<img alt=\"\" loading=\"lazy\" decoding=\"async\" width=\"1200\" height=\"600\" src=\"https:\/\/fabpcb.com\/wp-content\/uploads\/2025\/07\/333.png\" class=\"attachment-full size-full wp-image-2046\" srcset=\"https:\/\/fabpcb.com\/wp-content\/uploads\/2025\/07\/333.png 1200w, https:\/\/fabpcb.com\/wp-content\/uploads\/2025\/07\/333-600x300.png 600w, https:\/\/fabpcb.com\/wp-content\/uploads\/2025\/07\/333-300x150.png 300w, https:\/\/fabpcb.com\/wp-content\/uploads\/2025\/07\/333-768x384.png 768w, https:\/\/fabpcb.com\/wp-content\/uploads\/2025\/07\/333-1024x512.png 1024w\" sizes=\"(max-width: 1200px) 100vw, 1200px\" \/>\t\t\t\t\t\t\t\t\t\t\t\t\t\t\t<\/div>\n\t\t\t\t<\/div>\n\t\t\t\t\t<\/div>\n\t\t\t\t<\/div>\n\t\t\t\t<\/div>","protected":false},"excerpt":{"rendered":"<p>About Us About THE WUYANG 26000M 25 million points per day Production capacity 500+technical team members \u00a0 \u00a0 \u00a0Shenzhen Wuyang [&hellip;]<\/p>","protected":false},"author":1,"featured_media":0,"parent":0,"menu_order":3,"comment_status":"closed","ping_status":"closed","template":"","meta":{"_acf_changed":false,"_seopress_robots_primary_cat":"","_seopress_titles_title":"","_seopress_titles_desc":"","_seopress_robots_index":"","_uag_custom_page_level_css":"","site-sidebar-layout":"no-sidebar","site-content-layout":"","ast-site-content-layout":"full-width-container","site-content-style":"default","site-sidebar-style":"default","ast-global-header-display":"","ast-banner-title-visibility":"","ast-main-header-display":"","ast-hfb-above-header-display":"","ast-hfb-below-header-display":"","ast-hfb-mobile-header-display":"","site-post-title":"disabled","ast-breadcrumbs-content":"","ast-featured-img":"disabled","footer-sml-layout":"","theme-transparent-header-meta":"enabled","adv-header-id-meta":"","stick-header-meta":"","header-above-stick-meta":"","header-main-stick-meta":"","header-below-stick-meta":"","astra-migrate-meta-layouts":"default","ast-page-background-enabled":"default","ast-page-background-meta":{"desktop":{"background-color":"var(--ast-global-color-4)","background-image":"","background-repeat":"repeat","background-position":"center center","background-size":"auto","background-attachment":"scroll","background-type":"","background-media":"","overlay-type":"","overlay-color":"","overlay-gradient":""},"tablet":{"background-color":"","background-image":"","background-repeat":"repeat","background-position":"center center","background-size":"auto","background-attachment":"scroll","background-type":"","background-media":"","overlay-type":"","overlay-color":"","overlay-gradient":""},"mobile":{"background-color":"","background-image":"","background-repeat":"repeat","background-position":"center center","background-size":"auto","background-attachment":"scroll","background-type":"","background-media":"","overlay-type":"","overlay-color":"","overlay-gradient":""}},"ast-content-background-meta":{"desktop":{"background-color":"var(--ast-global-color-5)","background-image":"","background-repeat":"repeat","background-position":"center center","background-size":"auto","background-attachment":"scroll","background-type":"","background-media":"","overlay-type":"","overlay-color":"","overlay-gradient":""},"tablet":{"background-color":"var(--ast-global-color-5)","background-image":"","background-repeat":"repeat","background-position":"center center","background-size":"auto","background-attachment":"scroll","background-type":"","background-media":"","overlay-type":"","overlay-color":"","overlay-gradient":""},"mobile":{"background-color":"var(--ast-global-color-5)","background-image":"","background-repeat":"repeat","background-position":"center center","background-size":"auto","background-attachment":"scroll","background-type":"","background-media":"","overlay-type":"","overlay-color":"","overlay-gradient":""}},"footnotes":""},"class_list":["post-15","page","type-page","status-publish","hentry"],"acf":[],"uagb_featured_image_src":{"full":false,"thumbnail":false,"medium":false,"medium_large":false,"large":false,"ai_custom_thumbnail":false,"1536x1536":false,"2048x2048":false,"trp-custom-language-flag":false,"custom_product_image":false,"woocommerce_thumbnail":false,"woocommerce_single":false,"woocommerce_gallery_thumbnail":false},"uagb_author_info":{"display_name":"cbyfly1@outlook.com","author_link":"https:\/\/fabpcb.com\/es\/author\/cbyfly1outlook-com\/"},"uagb_comment_info":0,"uagb_excerpt":"About Us About THE WUYANG 26000M 25 million points per day Production capacity 500+technical team members \u00a0 \u00a0 \u00a0Shenzhen Wuyang [&hellip;]","_links":{"self":[{"href":"https:\/\/fabpcb.com\/es\/wp-json\/wp\/v2\/pages\/15","targetHints":{"allow":["GET"]}}],"collection":[{"href":"https:\/\/fabpcb.com\/es\/wp-json\/wp\/v2\/pages"}],"about":[{"href":"https:\/\/fabpcb.com\/es\/wp-json\/wp\/v2\/types\/page"}],"author":[{"embeddable":true,"href":"https:\/\/fabpcb.com\/es\/wp-json\/wp\/v2\/users\/1"}],"replies":[{"embeddable":true,"href":"https:\/\/fabpcb.com\/es\/wp-json\/wp\/v2\/comments?post=15"}],"version-history":[{"count":27,"href":"https:\/\/fabpcb.com\/es\/wp-json\/wp\/v2\/pages\/15\/revisions"}],"predecessor-version":[{"id":2052,"href":"https:\/\/fabpcb.com\/es\/wp-json\/wp\/v2\/pages\/15\/revisions\/2052"}],"wp:attachment":[{"href":"https:\/\/fabpcb.com\/es\/wp-json\/wp\/v2\/media?parent=15"}],"curies":[{"name":"wp","href":"https:\/\/api.w.org\/{rel}","templated":true}]}}